{"id":313,"date":"2021-05-09T21:43:56","date_gmt":"2021-05-10T00:43:56","guid":{"rendered":"http:\/\/www.centrodeortodoncia.cl\/messen\/?page_id=313"},"modified":"2021-05-18T22:54:06","modified_gmt":"2021-05-19T01:54:06","slug":"formacion-profesional","status":"publish","type":"page","link":"https:\/\/www.centrodeortodoncia.cl\/messen\/formacion-profesional\/","title":{"rendered":"Formaci\u00f3n Profesional"},"content":{"rendered":"<p><section data-kc-fullwidth=\"row\" class=\"kc-elm kc-css-625030 kc_row\"><div class=\"kc-row-container  kc-container\"><div class=\"kc-wrap-columns\"><div class=\"kc-elm kc-css-383892 kc_col-sm-12 kc_column kc_col-sm-12\"><div class=\"kc-col-container\"><div class=\"kc-elm kc-css-166037\" style=\"height: 2px; clear: both; width:100%;\"><\/div><\/div><\/div><\/div><\/div><\/section><section data-kc-fullwidth=\"row\" class=\"kc-elm kc-css-56239 kc_row\"><div class=\"kc-row-container  kc-container\"><div class=\"kc-wrap-columns\"><div class=\"kc-elm kc-css-647127 kc_col-sm-2 kc_column kc_col-sm-2\"><div class=\"kc-col-container\"><\/div><\/div><div class=\"kc-elm kc-css-973594 kc_col-sm-3 kc_column kc_col-sm-3\"><div class=\"kc-col-container\"><div class=\"kc_shortcode kc_single_image effect-default\"><img decoding=\"async\" src=\"https:\/\/www.centrodeortodoncia.cl\/messen\/wp-content\/uploads\/2021\/05\/cv-2018.jpg\" class=\"\" alt=\"\" \/><\/div><\/div><\/div><div class=\"kc-elm kc-css-933548 kc_col-sm-5 kc_column kc_col-sm-5\"><div class=\"kc-col-container\">\n<div class=\"kc-elm kc-css-855882 kc-title-wrap \">\n\n\t<h1 class=\"kc_title\">DR. EDUARDO IV\u00c1N MESSEN P\u00c1EZ<\/h1>\n<\/div>\n<div class=\"kc-elm kc-css-168979 kc_text_block\"><\/p>\n<p>\nCirujano \/ Dentista<\/p>\n<p>\n<\/div><div class=\"kc-elm kc-css-921152 kc_text_block\"><\/p>\n<p>\n<strong>Especialista en Ortodoncia<\/strong><br \/><em>&#8220;Universidad de Chile\"<\/em><\/p>\n<p><strong>Especialista en Dolor Facial y Trastornos Temporomandibulares<\/strong><br \/><em>&#8220;Universidad Andr\u00e9s Bello\"<\/em><\/p>\n<p>\n<\/div><\/div><\/div><div class=\"kc-elm kc-css-233868 kc_col-sm-2 kc_column kc_col-sm-2\"><div class=\"kc-col-container\"><\/div><\/div><\/div><\/div><\/section><section class=\"kc-elm kc-css-491128 kc_row\"><div class=\"kc-row-container  kc-container\"><div class=\"kc-wrap-columns\"><div class=\"kc-elm kc-css-226352 kc_col-sm-2 kc_column kc_col-sm-2\"><div class=\"kc-col-container\"><\/div><\/div><div class=\"kc-elm kc-css-174471 kc_col-sm-8 kc_column kc_col-sm-8\"><div class=\"kc-col-container\"><div class=\"kc-elm kc-css-477948\" style=\"height: 20px; clear: both; width:100%;\"><\/div>\n<div class=\"kc-elm kc-css-89211 kc-title-wrap \">\n\n\t<h1 class=\"kc_title\">FORMACI\u00d3N<\/h1>\n<\/div>\n<div class=\"kc-elm kc-css-268116 kc-feature-boxes kc-fb-layout-3\">\n\n\t<div class=\"content-icon\"><i class=\"sl-badge\"><\/i><\/div><div class=\"box-right\"><div class=\"content-title\">Cirujano Dentista<\/div><div class=\"content-desc\">Especialista en Ortodoncia y Ortopedia Dento M\u00e1xilo Facial, Universidad de Chile.<\/div><\/div>\n<\/div>\n<div class=\"kc-elm kc-css-373769\" style=\"height: 5px; clear: both; width:100%;\"><\/div><div class=\"kc-elm kc-css-665048 kc-feature-boxes kc-fb-layout-3\">\n\n\t<div class=\"content-icon\"><i class=\"sl-badge\"><\/i><\/div><div class=\"box-right\"><div class=\"content-title\">Especialista en trastornos temporomandibulares<\/div><div class=\"content-desc\">Diplomado en Fisiopatolog\u00eda Cr\u00e1neo cervical, Cr\u00e1neo mandibular y Dolor Facial, UNAB.<\/div><\/div>\n<\/div>\n<div class=\"kc-elm kc-css-689176\" style=\"height: 5px; clear: both; width:100%;\"><\/div><div class=\"kc-elm kc-css-199137 kc-feature-boxes kc-fb-layout-3\">\n\n\t<div class=\"content-icon\"><i class=\"sl-badge\"><\/i><\/div><div class=\"box-right\"><div class=\"content-title\">Exprofesor<\/div><div class=\"content-desc\">Adjunto en el post grado de Ortodoncia de la Universidad del Desarrollo, Concepci\u00f3n.<\/div><\/div>\n<\/div>\n<div class=\"kc-elm kc-css-714729\" style=\"height: 5px; clear: both; width:100%;\"><\/div><div class=\"kc-elm kc-css-756768 kc-feature-boxes kc-fb-layout-3\">\n\n\t<div class=\"content-icon\"><i class=\"sl-badge\"><\/i><\/div><div class=\"box-right\"><div class=\"content-title\">Profesor Visitante<\/div><div class=\"content-desc\">Post grado de Ortodoncia de la Universidad Andr\u00e9s Bello, Santiago.<\/div><\/div>\n<\/div>\n<div class=\"kc-elm kc-css-149395\" style=\"height: 5px; clear: both; width:100%;\"><\/div><div class=\"kc-elm kc-css-593656 kc-feature-boxes kc-fb-layout-3\">\n\n\t<div class=\"content-icon\"><i class=\"sl-badge\"><\/i><\/div><div class=\"box-right\"><div class=\"content-title\">Profesor Cl\u00ednico<\/div><div class=\"content-desc\">Post grado de ortodoncia Universidad de la Frontera, Temuco.<\/div><\/div>\n<\/div>\n<div class=\"kc-elm kc-css-56167\" style=\"height: 20px; clear: both; width:100%;\"><\/div><\/div><\/div><div class=\"kc-elm kc-css-63060 kc_col-sm-2 kc_column kc_col-sm-2\"><div class=\"kc-col-container\"><\/div><\/div><\/div><\/div><\/section><section class=\"kc-elm kc-css-33786 kc_row\"><div class=\"kc-row-container  kc-container\"><div class=\"kc-wrap-columns\"><div class=\"kc-elm kc-css-474977 kc_col-sm-2 kc_column kc_col-sm-2\"><div class=\"kc-col-container\"><\/div><\/div><div class=\"kc-elm kc-css-180338 kc_col-sm-8 kc_column kc_col-sm-8\"><div class=\"kc-col-container\"><div class=\"kc-elm kc-css-496926\" style=\"height: 20px; clear: both; width:100%;\"><\/div>\n<div class=\"kc-elm kc-css-406347 kc-title-wrap \">\n\n\t<h1 class=\"kc_title\">MEMBRES\u00cdA<\/h1>\n<\/div>\n<div class=\"kc-elm kc-css-956465 kc-feature-boxes kc-fb-layout-3\">\n\n\t<div class=\"content-icon\"><i class=\"sl-user-following\"><\/i><\/div><div class=\"box-right\"><div class=\"content-title\">Miembro de la World Federation of Orthodontists.<\/div><\/div>\n<\/div>\n<div class=\"kc-elm kc-css-144569\" style=\"height: 5px; clear: both; width:100%;\"><\/div><div class=\"kc-elm kc-css-492399 kc-feature-boxes kc-fb-layout-3\">\n\n\t<div class=\"content-icon\"><i class=\"sl-user-following\"><\/i><\/div><div class=\"box-right\"><div class=\"content-title\">Miembro de la American Association of Orthodontists.<\/div><\/div>\n<\/div>\n<div class=\"kc-elm kc-css-186287\" style=\"height: 5px; clear: both; width:100%;\"><\/div><div class=\"kc-elm kc-css-413115 kc-feature-boxes kc-fb-layout-3\">\n\n\t<div class=\"content-icon\"><i class=\"sl-user-following\"><\/i><\/div><div class=\"box-right\"><div class=\"content-title\">Fellowship Dr William Arnett Santa Barbara CA.EEUU.<\/div><\/div>\n<\/div>\n<div class=\"kc-elm kc-css-715287\" style=\"height: 5px; clear: both; width:100%;\"><\/div><div class=\"kc-elm kc-css-99346 kc-feature-boxes kc-fb-layout-3\">\n\n\t<div class=\"content-icon\"><i class=\"sl-user-following\"><\/i><\/div><div class=\"box-right\"><div class=\"content-title\">Miembro Activo de la Sociedad de Ortodoncia de Chile.<\/div><\/div>\n<\/div>\n<div class=\"kc-elm kc-css-495101\" style=\"height: 5px; clear: both; width:100%;\"><\/div><div class=\"kc-elm kc-css-153214 kc-feature-boxes kc-fb-layout-3\">\n\n\t<div class=\"content-icon\"><i class=\"sl-user-following\"><\/i><\/div><div class=\"box-right\"><div class=\"content-title\">Presidente de la Filial Austral de la Sociedad de Ortodoncia de Chile.<\/div><\/div>\n<\/div>\n<div class=\"kc-elm kc-css-53631\" style=\"height: 5px; clear: both; width:100%;\"><\/div><div class=\"kc-elm kc-css-771071 kc-feature-boxes kc-fb-layout-3\">\n\n\t<div class=\"content-icon\"><i class=\"sl-user-following\"><\/i><\/div><div class=\"box-right\"><div class=\"content-title\">Miembro Activo ACHIDEC.<\/div><\/div>\n<\/div>\n<div class=\"kc-elm kc-css-411809\" style=\"height: 20px; clear: both; width:100%;\"><\/div><\/div><\/div><div class=\"kc-elm kc-css-472121 kc_col-sm-2 kc_column kc_col-sm-2\"><div class=\"kc-col-container\"><\/div><\/div><\/div><\/div><\/section><section class=\"kc-elm kc-css-216126 kc_row\"><div class=\"kc-row-container  kc-container\"><div class=\"kc-wrap-columns\"><div class=\"kc-elm kc-css-593263 kc_col-sm-2 kc_column kc_col-sm-2\"><div class=\"kc-col-container\"><\/div><\/div><div class=\"kc-elm kc-css-810715 kc_col-sm-8 kc_column kc_col-sm-8\"><div class=\"kc-col-container\"><div class=\"kc-elm kc-css-496626\" style=\"height: 20px; clear: both; width:100%;\"><\/div>\n<div class=\"kc-elm kc-css-37503 kc-title-wrap \">\n\n\t<h1 class=\"kc_title\">CHARLAS<\/h1>\n<\/div>\n<div class=\"kc-elm kc-css-512307 kc-feature-boxes kc-fb-layout-3\">\n\n\t<div class=\"content-icon\"><i class=\"sl-people\"><\/i><\/div><div class=\"box-right\"><div class=\"content-title\">Ha dictado conferencias en:<\/div><div class=\"content-desc\">Chile, Panam\u00e1, Argentina, Costa Rica, Uruguay, Guatemala, Espa\u00f1a, Canad\u00e1, Estados Unidos.\r\n<\/div><\/div>\n<\/div>\n<div class=\"kc-elm kc-css-193725\" style=\"height: 20px; clear: both; width:100%;\"><\/div><\/div><\/div><div class=\"kc-elm kc-css-264709 kc_col-sm-2 kc_column kc_col-sm-2\"><div class=\"kc-col-container\"><\/div><\/div><\/div><\/div><\/section><section class=\"kc-elm kc-css-762516 kc_row\"><div class=\"kc-row-container  kc-container\"><div class=\"kc-wrap-columns\"><div class=\"kc-elm kc-css-430529 kc_col-sm-2 kc_column kc_col-sm-2\"><div class=\"kc-col-container\"><\/div><\/div><div class=\"kc-elm kc-css-891182 kc_col-sm-4 kc_column kc_col-sm-4\"><div class=\"kc-col-container\"><div class=\"kc_shortcode kc_single_image effect-default\"><a  href=\"http:\/\/www.centrodeortodoncia.cl\/messen\/wp-content\/uploads\/2021\/05\/CV-DR-Messen.pdf\" title=\"CV\" target=\"_blank\"><img decoding=\"async\" src=\"https:\/\/www.centrodeortodoncia.cl\/messen\/wp-content\/uploads\/2021\/05\/CV-descarga-300x113.png\" class=\"\" alt=\"\" \/><\/a><\/div><\/div><\/div><div class=\"kc-elm kc-css-43970 kc_col-sm-4 kc_column kc_col-sm-4\"><div class=\"kc-col-container\"><div class=\"kc_shortcode kc_single_image effect-default\"><a  href=\"http:\/\/www.centrodeortodoncia.cl\/messen\/wp-content\/uploads\/2021\/05\/Brochure-completo.pdf\" title=\"Brochure Corporativo\" target=\"_blank\"><img decoding=\"async\" src=\"https:\/\/www.centrodeortodoncia.cl\/messen\/wp-content\/uploads\/2021\/05\/Brochure-descarga-300x113.png\" class=\"\" alt=\"\" \/><\/a><\/div><\/div><\/div><div class=\"kc-elm kc-css-308912 kc_col-sm-2 kc_column kc_col-sm-2\"><div class=\"kc-col-container\"><\/div><\/div><\/div><\/div><\/section><section data-kc-fullwidth=\"row\" class=\"kc-elm kc-css-399338 kc_row\"><div class=\"kc-row-container  kc-container\"><div class=\"kc-wrap-columns\"><div class=\"kc-elm kc-css-21197 kc_col-sm-12 kc_column kc_col-sm-12\"><div class=\"kc-col-container\"><div class=\"kc-elm kc-css-229646\" style=\"height: 40px; clear: both; width:100%;\"><\/div><\/div><\/div><\/div><\/div><\/section><\/p>\n","protected":false},"excerpt":{"rendered":"","protected":false},"author":1,"featured_media":0,"parent":0,"menu_order":0,"comment_status":"closed","ping_status":"closed","template":"","meta":{"footnotes":""},"class_list":["post-313","page","type-page","status-publish","hentry"],"_links":{"self":[{"href":"https:\/\/www.centrodeortodoncia.cl\/messen\/wp-json\/wp\/v2\/pages\/313","targetHints":{"allow":["GET"]}}],"collection":[{"href":"https:\/\/www.centrodeortodoncia.cl\/messen\/wp-json\/wp\/v2\/pages"}],"about":[{"href":"https:\/\/www.centrodeortodoncia.cl\/messen\/wp-json\/wp\/v2\/types\/page"}],"author":[{"embeddable":true,"href":"https:\/\/www.centrodeortodoncia.cl\/messen\/wp-json\/wp\/v2\/users\/1"}],"replies":[{"embeddable":true,"href":"https:\/\/www.centrodeortodoncia.cl\/messen\/wp-json\/wp\/v2\/comments?post=313"}],"version-history":[{"count":85,"href":"https:\/\/www.centrodeortodoncia.cl\/messen\/wp-json\/wp\/v2\/pages\/313\/revisions"}],"predecessor-version":[{"id":586,"href":"https:\/\/www.centrodeortodoncia.cl\/messen\/wp-json\/wp\/v2\/pages\/313\/revisions\/586"}],"wp:attachment":[{"href":"https:\/\/www.centrodeortodoncia.cl\/messen\/wp-json\/wp\/v2\/media?parent=313"}],"curies":[{"name":"wp","href":"https:\/\/api.w.org\/{rel}","templated":true}]}}