{"id":162,"date":"2021-05-03T23:43:34","date_gmt":"2021-05-04T02:43:34","guid":{"rendered":"http:\/\/www.centrodeortodoncia.cl\/messen\/?page_id=162"},"modified":"2022-04-06T16:28:25","modified_gmt":"2022-04-06T19:28:25","slug":"centro","status":"publish","type":"page","link":"https:\/\/www.centrodeortodoncia.cl\/messen\/centro\/","title":{"rendered":"Centro"},"content":{"rendered":"<p><section data-kc-fullwidth=\"row\" class=\"kc-elm kc-css-822821 kc_row\"><div class=\"kc-row-container  kc-container\"><div class=\"kc-wrap-columns\"><div class=\"kc-elm kc-css-419877 kc_col-sm-12 kc_column kc_col-sm-12\"><div class=\"kc-col-container\"><div class=\"kc-elm kc-css-849386\" style=\"height: 2px; clear: both; width:100%;\"><\/div><\/div><\/div><\/div><\/div><\/section><section data-kc-fullwidth=\"row\" class=\"kc-elm kc-css-837346 kc_row\"><div class=\"kc-row-container  kc-container\"><div class=\"kc-wrap-columns\"><div class=\"kc-elm kc-css-86129 kc_col-sm-6 kc_column kc_col-sm-6\"><div class=\"kc-col-container\"><div class=\"kc_shortcode kc_single_image effect-v2\"><img decoding=\"async\" src=\"https:\/\/www.centrodeortodoncia.cl\/messen\/wp-content\/uploads\/2021\/05\/8estacionamientos-amplios2.jpg\" class=\"\" alt=\"\" \/><\/div><\/div><\/div><div class=\"kc-elm kc-css-219415 kc_col-sm-6 kc_column kc_col-sm-6\"><div class=\"kc-col-container\">\n<div class=\"kc-elm kc-css-57549 kc-title-wrap \">\n\n\t<h1 class=\"kc_title\">Centro de Ortodoncia<\/h1>\n<\/div>\n<div class=\"kc-elm kc-css-272929 kc_text_block\"><\/p>\n<p>\nCentro de ortodoncia Dr. Eduardo Messen P\u00e1ez, cuenta con la infraestructura adecuada para atender sus requerimientos de tratamiento, ubicado en el centro residencial y comercial de Temuco, a pasos de las principales arterias y centros comerciales, cuenta con c\u00f3modos estacionamientos, arquitectura de vanguardia y una constante preocupaci\u00f3n en su mantenci\u00f3n y mejora.<\/p>\n<p>Centro de ortodoncia Dr. Eduardo Messen P\u00e1ez cuenta adem\u00e1s con tecnolog\u00eda de \u00faltima generaci\u00f3n para entregar una ortodoncia adecuada a las exigencias de sus pacientes, Equipos de rayos X digital capaces de tomar radiograf\u00edas panor\u00e1micas, tele radiograf\u00edas y radiograf\u00edas de ATM con visualizaci\u00f3n en l\u00ednea e instant\u00e1nea.<\/p>\n<p>\n<\/div><\/div><\/div><\/div><\/div><\/section><section data-kc-fullwidth=\"row\" class=\"kc-elm kc-css-966825 kc_row\"><div class=\"kc-row-container  kc-container\"><div class=\"kc-wrap-columns\"><div class=\"kc-elm kc-css-665356 kc_col-sm-6 kc_column kc_col-sm-6\"><div class=\"kc-col-container\"><div class=\"kc-elm kc-css-637699\" style=\"height: 45px; clear: both; width:100%;\"><\/div><div class=\"kc_shortcode kc_single_image effect-v2\"><img decoding=\"async\" src=\"https:\/\/www.centrodeortodoncia.cl\/messen\/wp-content\/uploads\/2021\/05\/Software-Maxres.jpg\" class=\"\" alt=\"\" \/><\/div><div class=\"kc-elm kc-css-820715\" style=\"height: 30px; clear: both; width:100%;\"><\/div>\n<div class=\"kc-elm kc-css-482046 kc-title-wrap \">\n\n\t<h1 class=\"kc_title\">Tecnolog\u00eda Integrada<\/h1>\n<\/div>\n<div class=\"kc-elm kc-css-409020 kc_text_block\"><\/p>\n<p>\nEl\u00a0<strong>SOFTWARE DE AN\u00c1LISIS CEFALOM\u00c9TRICO DOLPHIN IMAGING <\/strong>es por excelencia la herramienta utilizada en la Ortodoncia actual en los mejores centros del mundo. Este software dentro de sus m\u00faltiples caracter\u00edsticas permite realizar una cirug\u00eda virtual y presentar al paciente un pron\u00f3stico de resultados del tratamiento, cada sala de la cl\u00ednica cuenta con una estaci\u00f3n en red que permite en cualquier momento visualizar el estado y avance de su tratamiento.<\/p>\n<p>\n<\/div><\/div><\/div><div class=\"kc-elm kc-css-918871 kc_col-sm-6 kc_column kc_col-sm-6\"><div class=\"kc-col-container\"><div class=\"kc-elm kc-css-31947\" style=\"height: 45px; clear: both; width:100%;\"><\/div><div class=\"kc_shortcode kc_single_image effect-v2\"><img decoding=\"async\" src=\"https:\/\/www.centrodeortodoncia.cl\/messen\/wp-content\/uploads\/2021\/05\/estacion-atencion.jpg\" class=\"\" alt=\"\" \/><\/div><div class=\"kc-elm kc-css-519500\" style=\"height: 30px; clear: both; width:100%;\"><\/div>\n<div class=\"kc-elm kc-css-249257 kc-title-wrap \">\n\n\t<h1 class=\"kc_title\">Centro de Ortodoncia<\/h1>\n<\/div>\n<div class=\"kc-elm kc-css-2484 kc_text_block\"><\/p>\n<p>El centro Dr. Eduardo Messen Cuenta con amplias salas de procedimientos equipadas con todo lo necesario para un correcto desempe\u00f1o de trabajo. Este correcto desempe\u00f1o y normalizaci\u00f3n hizo que el Centro de Ortodoncia Dr. Eduardo Messen P\u00e1ez fuera la <strong>PRIMERA CL\u00cdNICA DEL SUR DE CHILE EN SER CERTIFICADA POR EL SERVICIO NACIONAL DE SALUD<\/strong>, siendo pionera en cumplir con los est\u00e1ndares a\u00fan antes de ser norma general en el sector. Todo el personal de la cl\u00ednica cuenta con sus respectivas certificaciones y est\u00e1n en constante capacitaci\u00f3n para entregarle la mejor asistencia a su tratamiento.<\/p>\n<p>\n<\/div><\/div><\/div><\/div><\/div><\/section><section data-kc-fullwidth=\"row\" class=\"kc-elm kc-css-339556 kc_row\"><div class=\"kc-row-container  kc-container\"><div class=\"kc-wrap-columns\"><div class=\"kc-elm kc-css-584021 kc_col-sm-12 kc_column kc_col-sm-12\"><div class=\"kc-col-container\"><div class=\"kc-elm kc-css-484631\" style=\"height: 20px; clear: both; width:100%;\"><\/div><div class=\"kc-elm kc-css-660384 kc_text_block\"><\/p>\n<p>\nCentro de Ortodoncia Dr. Eduardo Messen P\u00e1ez cuenta adem\u00e1s con un moderno sistema computacional con redes privadas y virtuales para acceder en cualquier instante a los registros de cada paciente, el sistema administrativo desarrollado exclusivamente para la cl\u00ednica permite\u00a0 enviar previo registro de sus datos, recordatorio autom\u00e1tico a su correo electr\u00f3nico para recordar su hora y ajustar su agenda.<\/p>\n<p>\n<\/div><div class=\"kc-elm kc-css-52816\" style=\"height: 20px; clear: both; width:100%;\"><\/div><\/div><\/div><\/div><\/div><\/section><section data-kc-fullwidth=\"row\" class=\"kc-elm kc-css-395467 kc_row\"><div class=\"kc-row-container  kc-container\"><div class=\"kc-wrap-columns\"><div class=\"kc-elm kc-css-398665 kc_col-sm-12 kc_column kc_col-sm-12\"><div class=\"kc-col-container\"><div class=\"kc-elm kc-css-152856\" style=\"height: 40px; clear: both; width:100%;\"><\/div><\/div><\/div><\/div><\/div><\/section><\/p>\n","protected":false},"excerpt":{"rendered":"","protected":false},"author":1,"featured_media":0,"parent":0,"menu_order":0,"comment_status":"closed","ping_status":"closed","template":"","meta":{"footnotes":""},"class_list":["post-162","page","type-page","status-publish","hentry"],"_links":{"self":[{"href":"https:\/\/www.centrodeortodoncia.cl\/messen\/wp-json\/wp\/v2\/pages\/162","targetHints":{"allow":["GET"]}}],"collection":[{"href":"https:\/\/www.centrodeortodoncia.cl\/messen\/wp-json\/wp\/v2\/pages"}],"about":[{"href":"https:\/\/www.centrodeortodoncia.cl\/messen\/wp-json\/wp\/v2\/types\/page"}],"author":[{"embeddable":true,"href":"https:\/\/www.centrodeortodoncia.cl\/messen\/wp-json\/wp\/v2\/users\/1"}],"replies":[{"embeddable":true,"href":"https:\/\/www.centrodeortodoncia.cl\/messen\/wp-json\/wp\/v2\/comments?post=162"}],"version-history":[{"count":67,"href":"https:\/\/www.centrodeortodoncia.cl\/messen\/wp-json\/wp\/v2\/pages\/162\/revisions"}],"predecessor-version":[{"id":655,"href":"https:\/\/www.centrodeortodoncia.cl\/messen\/wp-json\/wp\/v2\/pages\/162\/revisions\/655"}],"wp:attachment":[{"href":"https:\/\/www.centrodeortodoncia.cl\/messen\/wp-json\/wp\/v2\/media?parent=162"}],"curies":[{"name":"wp","href":"https:\/\/api.w.org\/{rel}","templated":true}]}}